{"id":1106,"date":"2017-05-16T18:10:12","date_gmt":"2017-05-16T16:10:12","guid":{"rendered":"http:\/\/sylvaindelaissez.fr\/?page_id=1106"},"modified":"2023-01-31T12:32:54","modified_gmt":"2023-01-31T11:32:54","slug":"faq","status":"publish","type":"page","link":"https:\/\/sylvaindelaissez.fr\/index.php\/faq\/","title":{"rendered":"FAQ"},"content":{"rendered":"<p><em>Cette FAQ a pour but de r\u00e9pondre aux questions que vous pouvez vous poser concernant le choix de votre photographe de mariage. Au del\u00e0 du tarif d\u2019un photographe de mariage, beaucoup de param\u00e8tres entrent en compte. J\u2019esp\u00e8re que cette foire aux questions vous permettra d\u2019en apprendre un petit peu plus. Pour toute question contacter moi\u00a0 par courriel ou t\u00e9l\u00e9phone.<\/em><\/p>\n<h3><strong>Depuis combien de temps faites-vous de la photo de mariage ?\u00a0 Est ce votre sp\u00e9cialit\u00e9?<\/strong><\/h3>\n<p>Je fais de la photo de mariage depuis 2015. Aujourd&#8217;hui je suis sp\u00e9cialis\u00e9 dans la photo de mariage et la photo dite &#8220;sociale&#8221; (portrait, couple, mariage, grossesse, naissance)<br \/>\nLa photographie de mariage, c&#8217;est plusieurs disciplines \u00e0 la fois : du portrait classique, du portrait contemporain, de la photo de mode, des photos d&#8217;enfants, de groupes, savoir travailler en lumi\u00e8re faible, ambiante ou en haute lumi\u00e8re, ma\u00eetriser les contre-jours, travailler en int\u00e9rieur en ext\u00e9rieur et passer de l\u2019un \u00e0 l\u2019autre en une seconde ! Il faut anticiper, \u00eatre r\u00e9actif et cr\u00e9atif en permanence. Savoir saisir au vol les occasions qui se pr\u00e9sentent est essentiel. Il faut \u00eatre r\u00e9actif en toute circonstance.<\/p>\n<h3><strong>Pourquoi faire confiance \u00e0 un professionnel ?<\/strong><\/h3>\n<p>Les gens ont beaucoup de mal \u00e0 faire la diff\u00e9rence entre un professionnel et un simple photographe qui fait de la photographie pour son plaisir. Outre un mat\u00e9riel cons\u00e9quent, le photographe professionnel poss\u00e8de un num\u00e9ro de Siret, \u00e0 des capacit\u00e9s techniques et artistiques et saura guider les mari\u00e9s dans une \u00e9tape de choix, qui n&#8217;est pas forc\u00e9ment \u00e9vidente. Il sait communiquer et observer tout ce qui se passe autour de lui.<br \/>\nLes mari\u00e9s oublient souvent qu&#8217;apr\u00e8s le mariage les choses qui restent sont l&#8217;amour, les alliances et les souvenirs.<br \/>\nLes photographies sont le meilleur moyen pour partager ces souvenirs sur plusieurs g\u00e9n\u00e9rations. Le choix du photographe de mariage est donc \u00e0 prendre au s\u00e9rieux.<\/p>\n<h3><strong>Quel est votre approche de la photographie de mariage ?<\/strong><\/h3>\n<p>Je pratique ce m\u00e9tier par passion et c\u2019est pour moi une condition indispensable \u00e0 tout photographe.\u00a0Je propose une approche artistique et travail essentiellement en lumi\u00e8re naturelle. Cette technique assure une tr\u00e8s grande discr\u00e9tion lors des c\u00e9r\u00e9monies et permet de conserver l\u2019authenticit\u00e9 et la spontan\u00e9it\u00e9 de chaque sc\u00e8ne.<br \/>\nMon objectif \u00e0 travers mes images est de raconter une histoire, votre histoire ! Je raconterai le plus fid\u00e8lement possible votre journ\u00e9e de mariage.<br \/>\nLes mots qui d\u00e9finissent le mieux mon travail sont : Lumineux, Douceur, Pastel et passion.<\/p>\n<h3><strong>Prenez-vous des photos de groupe ?<\/strong><\/h3>\n<p>Bien sur. Votre famille et vos amis font partis int\u00e9grante du jour de votre mariage. Je ne les oublie pas, bien au contraire. Je prends des clich\u00e9s de tous les invit\u00e9s. Et bien \u00e9videmment, il y a une s\u00e9ance photo traditionnelle avec les mari\u00e9s et tous ceux qui assistent \u00e0 ce grand jour.<\/p>\n<h3>Faites vous des retouches avec Photoshop\u00a0?<\/h3>\n<p>Concernant l\u2019\u00e9dition\/retouche des images le c\u00f4t\u00e9 &#8220;Photoshop&#8221; suscite beaucoup de r\u00e9actions en photographie de mariage, mais pas uniquement. Ainsi, je vais vous exposer ma vision des choses sur le sujet.<br \/>\nPremi\u00e8rement, il ne faut pas confondre \u00e9dition et retouche. Contrairement \u00e0 un compact num\u00e9rique, qui est programm\u00e9, pour faire plaisir au grand public, toute photo num\u00e9rique r\u00e9alis\u00e9e avec un appareil professionnel doit \u00eatre \u00e9dit\u00e9e (passage dans un logiciel tel que Lightroom ou Photoshop. En effet, les images r\u00e9alis\u00e9es avec un reflex professionnel, sont les plus neutres possibles et justement destin\u00e9es \u00e0 la post-production. C\u2019est tout simplement du d\u00e9veloppement num\u00e9rique, qui remplace le d\u00e9veloppement des pellicules d\u2019autrefois.<\/p>\n<h3><strong>Quels sont les forfaits que vous proposez ?<\/strong><\/h3>\n<p>Chaque mariage \u00e9tant diff\u00e9rent, cela implique un tarif unique, pour qu\u2019il soit fond\u00e9 et pertinent.<br \/>\nIl est pr\u00e9f\u00e9rable de s&#8217;attacher \u00e0 la qualit\u00e9 du travail r\u00e9alis\u00e9 et du relationnel que vous avez avec le photographe, qu&#8217;au nombre de clich\u00e9s ou de photographies\/albums\/livres fournis\u2026 N\u00e9anmoins, j\u2019ai comme la plupart des photographes de mariage des formules de base et un tarif horaire, sur lesquels je m\u2019appuie, pour \u00e9valuer le prix d\u2019un reportage de mariage. Vous trouverez mes formules <a href=\"http:\/\/sylvaindelaissez.fr\/index.php\/formules-tarifs\/\">ICI<\/a><\/p>\n<h3><strong>Faites vous des s\u00e9ances photos &#8220;Engagement&#8221; et &#8220;Jour d&#8217;Apr\u00e8s&#8221; ?<\/strong><\/h3>\n<p>La s\u00e9ance engagement est d\u00e9sormais un indispensable pour les futurs mari\u00e9s. Indispensable \u00e0 mon sens parce qu\u2019elle permet \u00e0 la relation photographe-couple de se faire. Quel meilleur moyen d\u2019\u00eatre certain de son choix pour ses photos de mariage que de conna\u00eetre celui qui immortalisera pour vous cette journ\u00e9e!? Et la s\u00e9ance engagement est faite pour \u00e7a! Apprendre \u00e0 vous conna\u00eetre, \u00e0 se familiariser avec l\u2019appareil.<br \/>\nPouvoir renfiler, une derni\u00e8re fois votre pr\u00e9cieuse tel est le but de s\u00e9ance Jour d&#8217;apr\u00e8s. C\u2019est plus fun, on prend plus le temps de profiter et surtout c\u2019est un vrai moment de complicit\u00e9 que vous pourrez partager avec votre nouveau mari (et votre gentil photographe).<\/p>\n<p>Les s\u00e9ances \u00ab\u00a0Engagement\u00a0\u00bb et \u00ab\u00a0Jour d\u2019Apr\u00e8s\u00a0\u00bb <strong>\u00e0 partir de 350 euros<\/strong>.<\/p>\n<h3><strong>Quand et comment aurons nous nos photos\u00a0?<\/strong><\/h3>\n<p>Conscient que vous puissiez \u00eatre impatients de d\u00e9couvrir vos photos le plus rapidement possible, j\u2019aime vous envoyer par mail une dizaine de photos retouch\u00e9es sous 15 jours apr\u00e8s le mariage.<br \/>\nDans un d\u00e9lai de 4\u00a0semaines je vous livre les photos dans une galerie priv\u00e9e que vous pourrez partager avec vos invit\u00e9s.<br \/>\nPour vous, les mari\u00e9s, dans une d\u00e9lais maximum de 3mois, je vous livre \u00e0 domicile un coffret USB avec l\u2019ensemble des photos s\u00e9lectionn\u00e9es en HD.<\/p>\n<h2><\/h2>\n<h3><strong>Proposez vous des albums photos ?<\/strong><\/h3>\n<p>Oui, je propose des albums personnalis\u00e9s.<\/p>\n<p>Dans un premier temps nous choisissons ensemble la taille et le format de votre livre. Je vous proposerai ensuite une mise en page num\u00e9rique avec votre s\u00e9lection de photos, qui pourra \u00eatre modifi\u00e9 si besoin lors de la validation.<br \/>\nPour \u00eatre en continuit\u00e9 avec mon travail &#8220;num\u00e9rique&#8221; je propose des albums photos en partenariat avec des imprimeurs sp\u00e9cialis\u00e9 dans la cr\u00e9ation d&#8217;albums situ\u00e9 en France qui refl\u00e8tera parfaitement la qualit\u00e9 de mon travail<\/p>\n<p>Pour vous donner une premi\u00e8re id\u00e9e des albums, je vous invite \u00e0 consulter le site de mon partenaire : <em><strong><a href=\"https:\/\/fr.dreambookspro.com\/albums-professionnels\" target=\"_blank\" rel=\"noopener noreferrer\">ici<\/a><\/strong><\/em><\/p>\n<h3><strong>\u00a0Vous d\u00e9placez-vous pour des mariages ?<\/strong><\/h3>\n<p>Je vis \u00e0 Mandelieu la napoule, la C\u00f4te d\u2019Azur est par d\u00e9finition ma zone de pr\u00e9dilection. Mais je serais heureux d\u2019immortaliser votre mariage partout en France. Contactez-moi pour plus d\u2019informations.<\/p>\n<h3><strong>Comment peut-on r\u00e9server ?<\/strong><\/h3>\n<p>C\u2019est simple. Vous m\u2019envoyez un email, ou alors vous m\u2019appelez (voir rubrique \u00ab\u00a0<a href=\"http:\/\/sylvaindelaissez.fr\/index.php\/contact\/\">CONTACT<\/a>\u00a0\u00bb) pour convenir d\u2019un premier rendez-vous. Je recommande toujours de se voir avant le grand jour. Voudriez-vous d\u00e9couvrir la personne qui va immortaliser votre mariage juste cinq minutes avant de dire \u00ab\u00a0Oui\u00a0\u00bb ?<br \/>\nCette premi\u00e8re entrevue nous permettra de discuter ensemble de vos go\u00fbts et de vos exigences.<br \/>\nJe vous envoie un contrat reprenant tous les d\u00e9tails de ma prestation. A la signature de celui-ci, je vous demanderai un d\u00e9p\u00f4t correspondant \u00e0 la moiti\u00e9 du prix total convenu auparavant. Le reste vous sera demander une semaine avant le jour du mariage<\/p>\n","protected":false},"excerpt":{"rendered":"<p>Cette FAQ a pour but de r\u00e9pondre aux questions que vous pouvez vous poser concernant le choix de votre photographe de mariage. Au del\u00e0 du tarif d\u2019un photographe de mariage, beaucoup de param\u00e8tres entrent en compte. J\u2019esp\u00e8re que cette foire aux questions vous permettra d\u2019en apprendre un petit peu plus. Pour toute question contacter moi\u00a0 [&hellip;]<\/p>\n","protected":false},"author":1,"featured_media":0,"parent":0,"menu_order":0,"comment_status":"closed","ping_status":"closed","template":"","meta":{"_acf_changed":false,"footnotes":""},"class_list":["post-1106","page","type-page","status-publish","hentry"],"acf":[],"jetpack_sharing_enabled":true,"_links":{"self":[{"href":"https:\/\/sylvaindelaissez.fr\/index.php\/wp-json\/wp\/v2\/pages\/1106","targetHints":{"allow":["GET"]}}],"collection":[{"href":"https:\/\/sylvaindelaissez.fr\/index.php\/wp-json\/wp\/v2\/pages"}],"about":[{"href":"https:\/\/sylvaindelaissez.fr\/index.php\/wp-json\/wp\/v2\/types\/page"}],"author":[{"embeddable":true,"href":"https:\/\/sylvaindelaissez.fr\/index.php\/wp-json\/wp\/v2\/users\/1"}],"replies":[{"embeddable":true,"href":"https:\/\/sylvaindelaissez.fr\/index.php\/wp-json\/wp\/v2\/comments?post=1106"}],"version-history":[{"count":35,"href":"https:\/\/sylvaindelaissez.fr\/index.php\/wp-json\/wp\/v2\/pages\/1106\/revisions"}],"predecessor-version":[{"id":2075,"href":"https:\/\/sylvaindelaissez.fr\/index.php\/wp-json\/wp\/v2\/pages\/1106\/revisions\/2075"}],"wp:attachment":[{"href":"https:\/\/sylvaindelaissez.fr\/index.php\/wp-json\/wp\/v2\/media?parent=1106"}],"curies":[{"name":"wp","href":"https:\/\/api.w.org\/{rel}","templated":true}]}}