{"id":1480,"date":"2017-07-09T17:30:00","date_gmt":"2017-07-09T15:30:00","guid":{"rendered":"http:\/\/sylvaindelaissez.fr\/?page_id=1480"},"modified":"2025-03-27T16:30:35","modified_gmt":"2025-03-27T15:30:35","slug":"formules-tarifs","status":"publish","type":"page","link":"https:\/\/sylvaindelaissez.fr\/index.php\/formules-tarifs\/","title":{"rendered":"Formules &#038; Tarifs mariage"},"content":{"rendered":"<p style=\"text-align: left;\"><img fetchpriority=\"high\" decoding=\"async\" class=\"wp-image-1517 aligncenter\" src=\"http:\/\/sylvaindelaissez.fr\/wp-content\/uploads\/2017\/06\/x8b2644-modifier-1024x683.jpg\" alt=\"\" width=\"510\" height=\"340\" srcset=\"https:\/\/sylvaindelaissez.fr\/wp-content\/uploads\/2017\/06\/x8b2644-modifier-1024x683.jpg 1024w, https:\/\/sylvaindelaissez.fr\/wp-content\/uploads\/2017\/06\/x8b2644-modifier-600x400.jpg 600w, https:\/\/sylvaindelaissez.fr\/wp-content\/uploads\/2017\/06\/x8b2644-modifier-300x200.jpg 300w, https:\/\/sylvaindelaissez.fr\/wp-content\/uploads\/2017\/06\/x8b2644-modifier-768x512.jpg 768w\" sizes=\"(max-width: 510px) 100vw, 510px\" \/><br \/>A partir de la formule Diamant, vous retrouverez en plus des photos en pleines r\u00e9solutions, un superbe coffret Prestige contenant 15 tirages, car pour moi il est important d\u2019avoir vos plus belles photos sur un support Fine Art digne de ce nom.<br \/>Je met \u00e9galement en ligne les photos sur un site qui permet \u00e0 la famille de visionner et commander des tirages de qualit\u00e9.<\/p>\n<p>Bien s\u00fbre, chaque mariage est diff\u00e9rent. Certains voudront de beaux albums, d\u2019autres un Photo Booth lors de la soir\u00e9e, une s\u00e9ance\u00a0 engagement ou Trash the dress &#8230;\u00a0 Le mieux est d\u2019en discuter ensemble de faire un tarif \u00e0 la carte selon vos envies et vos besoins.<\/p>\n<hr \/>\n<h3><strong>Formule PERLE : 1350 Euros<br \/><\/strong><\/h3>\n<p>&#8211; Reportage photos de la journ\u00e9e (6h de pr\u00e9sence)<\/p>\n<ul>\n<li>Photos des c\u00e9r\u00e9monies (Mairie &amp; religieuse ou la\u00efque)<\/li>\n<li>Photos de couple &amp; de mini groupes<\/li>\n<li>Galerie Web marchande<\/li>\n<li>Photos livr\u00e9es sur cl\u00e9 USB<\/li>\n<\/ul>\n<hr \/>\n<h3><strong>Formule RUBIS : 1600 Euros<\/strong><\/h3>\n<p>&#8211; Reportage photos de la journ\u00e9e (10h de pr\u00e9sence)<\/p>\n<ul>\n<li>Photo des pr\u00e9paratif de la mari\u00e9e<\/li>\n<li>Photos des c\u00e9r\u00e9monies (Mairie &amp; religieuse ou la\u00efque)<\/li>\n<li>Photos de couple, groupe &amp; mini groupes<\/li>\n<li>Photos du vin d&#8217;honneur \/ cocktail<\/li>\n<li>Galerie Web marchande + Fichiers num\u00e9riques offert pour les invit\u00e9s<\/li>\n<li>Photos livr\u00e9es sur cl\u00e9 USB dans une boite prestige<\/li>\n<\/ul>\n<hr \/>\n<h3><strong>Formule DIAMANT : 2500 Euros<\/strong><\/h3>\n<p>&#8211; Reportage photos de la journ\u00e9e (15h de pr\u00e9sence)<\/p>\n<ul>\n<li>Photos des pr\u00e9paratif de la mari\u00e9e<\/li>\n<li>Photos des c\u00e9r\u00e9monies (Mairie &amp; religieuse ou la\u00efque)<\/li>\n<li>Photos de couple, groupe &amp; mini groupes<\/li>\n<li>Photos du vin d&#8217;honneur \/ cocktail<\/li>\n<li>Photos de la soir\u00e9e jusqu&#8217;\u00e0 l&#8217;arriv\u00e9e de la pi\u00e8ce mont\u00e9e (max 1h00 du matin)<\/li>\n<li>Galerie Web marchande + Fichiers num\u00e9riques offert pour les invit\u00e9s<\/li>\n<li>Photos livr\u00e9es sur cl\u00e9 USB dans une boite prestige<\/li>\n<li>S\u00e9ance engagement ou jour d&#8217;apr\u00e8s offerte<\/li>\n<\/ul>\n<hr \/>\n<h3><strong>Options :<\/strong><\/h3>\n<ul>\n<li>S\u00e9ance engagement ou Jour d&#8217;apr\u00e8s : 250 Euros<\/li>\n<li>Photos de la soir\u00e9e dansante (jusqu&#8217;\u00e0 3h) : 350 Euros<\/li>\n<li>Album photos mariage \u00e0 partir de 350 Euros<\/li>\n<\/ul>\n<div id=\"main\" class=\"site site-with-sidebar\">\u00a0<\/div>\n<div id=\"footer-push\"><hr \/><\/div>\n\n\n<p><\/p>\n","protected":false},"excerpt":{"rendered":"<p>A partir de la formule Diamant, vous retrouverez en plus des photos en pleines r\u00e9solutions, un superbe coffret Prestige contenant 15 tirages, car pour moi il est important d\u2019avoir vos plus belles photos sur un support Fine Art digne de ce nom.Je met \u00e9galement en ligne les photos sur un site qui permet \u00e0 la [&hellip;]<\/p>\n","protected":false},"author":1,"featured_media":0,"parent":0,"menu_order":0,"comment_status":"closed","ping_status":"closed","template":"","meta":{"_acf_changed":false,"footnotes":""},"class_list":["post-1480","page","type-page","status-publish","hentry"],"acf":[],"jetpack_sharing_enabled":true,"_links":{"self":[{"href":"https:\/\/sylvaindelaissez.fr\/index.php\/wp-json\/wp\/v2\/pages\/1480","targetHints":{"allow":["GET"]}}],"collection":[{"href":"https:\/\/sylvaindelaissez.fr\/index.php\/wp-json\/wp\/v2\/pages"}],"about":[{"href":"https:\/\/sylvaindelaissez.fr\/index.php\/wp-json\/wp\/v2\/types\/page"}],"author":[{"embeddable":true,"href":"https:\/\/sylvaindelaissez.fr\/index.php\/wp-json\/wp\/v2\/users\/1"}],"replies":[{"embeddable":true,"href":"https:\/\/sylvaindelaissez.fr\/index.php\/wp-json\/wp\/v2\/comments?post=1480"}],"version-history":[{"count":47,"href":"https:\/\/sylvaindelaissez.fr\/index.php\/wp-json\/wp\/v2\/pages\/1480\/revisions"}],"predecessor-version":[{"id":3867,"href":"https:\/\/sylvaindelaissez.fr\/index.php\/wp-json\/wp\/v2\/pages\/1480\/revisions\/3867"}],"wp:attachment":[{"href":"https:\/\/sylvaindelaissez.fr\/index.php\/wp-json\/wp\/v2\/media?parent=1480"}],"curies":[{"name":"wp","href":"https:\/\/api.w.org\/{rel}","templated":true}]}}